{"id":197,"date":"2021-03-28T12:41:08","date_gmt":"2021-03-28T10:41:08","guid":{"rendered":"http:\/\/fasib.be\/?page_id=197"},"modified":"2021-03-28T12:53:48","modified_gmt":"2021-03-28T10:53:48","slug":"supervisions-individuelles-ou-en-groupe","status":"publish","type":"page","link":"https:\/\/fasib.be\/?page_id=197","title":{"rendered":"Supervisions individuelles ou en groupe."},"content":{"rendered":"\n<p><strong>Pour qui?<\/strong><\/p>\n\n\n\n<ul><li>Les AS qui n\u2019ont pas de supervisions collectives au sein du service social qui les emploie.<\/li><li>Les AS qui ne souhaitent pas que ces supervisions aient lieu au sein du service social pour lequel ils travaillent.<\/li><\/ul>\n\n\n\n<p>A la FASIB, nous voulons vous proposer un <strong>lieu s\u00e9cure<\/strong> pour d\u00e9poser et r\u00e9fl\u00e9chir aux situations que vous accompagnez et qui vous pr\u00e9occupent.<\/p>\n\n\n\n<p><strong>Comment?<\/strong><\/p>\n\n\n\n<ul><li>en individuel&nbsp;<\/li><li>en groupe<\/li><\/ul>\n\n\n\n<p>Elles sont \u00e9galement accessibles aux \u00e9tudiants qui le souhaitent.<\/p>\n","protected":false},"excerpt":{"rendered":"<p>Pour qui? Les AS qui n\u2019ont pas de supervisions collectives au sein du service social qui les emploie. Les AS qui ne souhaitent pas que ces supervisions aient lieu au sein du service social pour lequel ils travaillent. A la FASIB, nous voulons vous proposer un lieu s\u00e9cure pour d\u00e9poser et r\u00e9fl\u00e9chir aux situations que &hellip; <\/p>\n","protected":false},"author":1,"featured_media":0,"parent":189,"menu_order":1,"comment_status":"closed","ping_status":"closed","template":"","meta":[],"_links":{"self":[{"href":"https:\/\/fasib.be\/index.php?rest_route=\/wp\/v2\/pages\/197"}],"collection":[{"href":"https:\/\/fasib.be\/index.php?rest_route=\/wp\/v2\/pages"}],"about":[{"href":"https:\/\/fasib.be\/index.php?rest_route=\/wp\/v2\/types\/page"}],"author":[{"embeddable":true,"href":"https:\/\/fasib.be\/index.php?rest_route=\/wp\/v2\/users\/1"}],"replies":[{"embeddable":true,"href":"https:\/\/fasib.be\/index.php?rest_route=%2Fwp%2Fv2%2Fcomments&post=197"}],"version-history":[{"count":2,"href":"https:\/\/fasib.be\/index.php?rest_route=\/wp\/v2\/pages\/197\/revisions"}],"predecessor-version":[{"id":204,"href":"https:\/\/fasib.be\/index.php?rest_route=\/wp\/v2\/pages\/197\/revisions\/204"}],"up":[{"embeddable":true,"href":"https:\/\/fasib.be\/index.php?rest_route=\/wp\/v2\/pages\/189"}],"wp:attachment":[{"href":"https:\/\/fasib.be\/index.php?rest_route=%2Fwp%2Fv2%2Fmedia&parent=197"}],"curies":[{"name":"wp","href":"https:\/\/api.w.org\/{rel}","templated":true}]}}